{"id":8195,"date":"2026-03-23T14:31:16","date_gmt":"2026-03-23T14:31:16","guid":{"rendered":"https:\/\/synerg-in.com\/mentions-legales\/"},"modified":"2026-04-10T15:01:59","modified_gmt":"2026-04-10T15:01:59","slug":"mentions-legales","status":"publish","type":"page","link":"https:\/\/synerg-in.com\/fr\/mentions-legales\/","title":{"rendered":"Cr\u00e9ation du site internet"},"content":{"rendered":"\t\t<div data-elementor-type=\"wp-page\" data-elementor-id=\"8195\" class=\"elementor elementor-8195 elementor-8177 elementor-bc-flex-widget\">\n\t\t\t\t<div class=\"elementor-element elementor-element-0890e06 e-flex e-con-boxed e-con e-parent\" data-id=\"0890e06\" data-element_type=\"container\" data-e-type=\"container\">\n\t\t\t\t\t<div class=\"e-con-inner\">\n\t\t\t\t<div class=\"elementor-element elementor-element-a633782 elementor-widget elementor-widget-heading\" data-id=\"a633782\" data-element_type=\"widget\" data-e-type=\"widget\" data-widget_type=\"heading.default\">\n\t\t\t\t\t<h1 class=\"elementor-heading-title elementor-size-default\">mentions l\u00e9gales<\/h1>\t\t\t\t<\/div>\n\t\t\t\t<div class=\"elementor-element elementor-element-8a99d38 elementor-widget elementor-widget-text-editor\" data-id=\"8a99d38\" data-element_type=\"widget\" data-e-type=\"widget\" data-widget_type=\"text-editor.default\">\n\t\t\t\t\t\t\t\t\t<p>Conform\u00e9ment aux dispositions des articles 6-III et 19 de la loi pour la confiance dans l&rsquo;\u00e9conomie num\u00e9rique, nous vous informons que :<\/p><p>Ce site internet est la propri\u00e9t\u00e9 de SYNERG-IN AGENCY, soci\u00e9t\u00e9 par actions simplifi\u00e9e, dont le si\u00e8ge social est situ\u00e9 \u00e0 l&rsquo;adresse suivante :<\/p><ul><li>1348 AVENUE DE LA MER RAYMOND DUGRAND, 34000, MONTPELLIER, FRANCE<\/li><li>E-mail : contact@synerg-in.com<\/li><li>T\u00e9l\u00e9phone : 04 67 42 05 86<\/li><li>Num\u00e9ro d&rsquo;immatriculation : 829 930 478 RCS MONTPELLIER<\/li><li>Capital social : 6 000,00 \u20ac<\/li><li>Directeur de la publication : Pierre Champemont<\/li><li>Coordonn\u00e9es de l&rsquo;h\u00e9bergeur : OVH, RCS Lille M\u00e9tropole 424 761 419 00045, si\u00e8ge social : 2 rue Kellermann \u2013 59100 Roubaix \u2013 France.<\/li><\/ul>\t\t\t\t\t\t\t\t<\/div>\n\t\t\t\t<div class=\"elementor-element elementor-element-1d0ed72 elementor-widget elementor-widget-heading\" data-id=\"1d0ed72\" data-element_type=\"widget\" data-e-type=\"widget\" data-widget_type=\"heading.default\">\n\t\t\t\t\t<h3 class=\"elementor-heading-title elementor-size-default\">Limitation de responsabilit\u00e9<\/h3>\t\t\t\t<\/div>\n\t\t\t\t<div class=\"elementor-element elementor-element-bc1db28 elementor-widget__width-initial elementor-widget elementor-widget-text-editor\" data-id=\"bc1db28\" data-element_type=\"widget\" data-e-type=\"widget\" data-widget_type=\"text-editor.default\">\n\t\t\t\t\t\t\t\t\t<p>L&rsquo;utilisateur reconna\u00eet avoir pris connaissance des pr\u00e9sentes conditions g\u00e9n\u00e9rales d&rsquo;utilisation et s&rsquo;engage \u00e0 les respecter.<\/p><p>Les utilisateurs du site <a href=\"https:\/\/synerg-in.com\/fr\/\">\u00ab www.synerg-in.com \u00bb<\/a> reconnaissent disposer des comp\u00e9tences et moyens n\u00e9cessaires pour acc\u00e9der \u00e0 ce site et l&rsquo;utiliser.<\/p><p>Les utilisateurs du site <a href=\"https:\/\/synerg-in.com\/fr\/\">\u00ab www.synerg-in.com \u00bb<\/a> reconnaissent avoir v\u00e9rifi\u00e9 que la configuration informatique utilis\u00e9e ne contient aucun virus et qu&rsquo;elle est en parfait \u00e9tat de fonctionnement.<\/p><p><strong>Synerg-In Agency<\/strong> met tout en \u0153uvre pour offrir aux utilisateurs des informations et\/ou des outils disponibles et v\u00e9rifi\u00e9s, mais ne saurait \u00eatre tenue responsable des erreurs, de l&rsquo;indisponibilit\u00e9 de fonctionnalit\u00e9s et\/ou de la pr\u00e9sence de virus sur son site.*<\/p><p>Les informations fournies par <strong>Synerg-In Agency<\/strong> sont donn\u00e9es \u00e0 titre indicatif et ne dispensent pas l&rsquo;utilisateur de proc\u00e9der \u00e0 une analyse compl\u00e9mentaire et personnalis\u00e9e. Synerg-In Agency ne peut garantir l&rsquo;exactitude, l&rsquo;exhaustivit\u00e9 ou l&rsquo;actualit\u00e9 des informations publi\u00e9es sur son site. <\/p><p>En cons\u00e9quence, l&rsquo;utilisateur reconna\u00eet utiliser ces informations sous sa seule responsabilit\u00e9.<\/p>\t\t\t\t\t\t\t\t<\/div>\n\t\t\t\t<div class=\"elementor-element elementor-element-1c70134 elementor-widget elementor-widget-heading\" data-id=\"1c70134\" data-element_type=\"widget\" data-e-type=\"widget\" data-widget_type=\"heading.default\">\n\t\t\t\t\t<h3 class=\"elementor-heading-title elementor-size-default\">Protection des donn\u00e9es<\/h3>\t\t\t\t<\/div>\n\t\t\t\t<div class=\"elementor-element elementor-element-2bab966 elementor-widget__width-initial elementor-widget elementor-widget-text-editor\" data-id=\"2bab966\" data-element_type=\"widget\" data-e-type=\"widget\" data-widget_type=\"text-editor.default\">\n\t\t\t\t\t\t\t\t\t<div><div>L&rsquo;ensemble de ces droits peut \u00eatre exerc\u00e9 en contactant Synerg-In Agency par courrier postal, en joignant une copie d&rsquo;une pi\u00e8ce d&rsquo;identit\u00e9 sign\u00e9e, \u00e0 l&rsquo;adresse suivante :<\/div><div>1348 Avenue de la Mer, Raymond Dugrand, 34000, MONTPELLIER France<\/div><div>ou via le <a href=\"https:\/\/synerg-in.com\/fr\/contact\/\">formulaire de contact<\/a>.<\/div><\/div>\t\t\t\t\t\t\t\t<\/div>\n\t\t\t\t<div class=\"elementor-element elementor-element-de0f723 elementor-widget elementor-widget-heading\" data-id=\"de0f723\" data-element_type=\"widget\" data-e-type=\"widget\" data-widget_type=\"heading.default\">\n\t\t\t\t\t<h3 class=\"elementor-heading-title elementor-size-default\">Propri\u00e9t\u00e9 intellectuelle<\/h3>\t\t\t\t<\/div>\n\t\t\t\t<div class=\"elementor-element elementor-element-12d1e96 elementor-widget__width-initial elementor-widget elementor-widget-text-editor\" data-id=\"12d1e96\" data-element_type=\"widget\" data-e-type=\"widget\" data-widget_type=\"text-editor.default\">\n\t\t\t\t\t\t\t\t\t<div><div><div>Conform\u00e9ment au Code de la propri\u00e9t\u00e9 intellectuelle et, plus g\u00e9n\u00e9ralement, \u00e0 l&rsquo;ensemble des accords contenant des dispositions relatives au droit d&rsquo;auteur, la reproduction partielle ou totale de textes, d&rsquo;images ou d&rsquo;illustrations non explicitement destin\u00e9s au t\u00e9l\u00e9chargement par les visiteurs est interdite sans l&rsquo;autorisation pr\u00e9alable du propri\u00e9taire ou de tout ayant droit.<\/div><\/div><\/div>\t\t\t\t\t\t\t\t<\/div>\n\t\t\t\t<div class=\"elementor-element elementor-element-834fdc3 elementor-widget elementor-widget-heading\" data-id=\"834fdc3\" data-element_type=\"widget\" data-e-type=\"widget\" data-widget_type=\"heading.default\">\n\t\t\t\t\t<h3 class=\"elementor-heading-title elementor-size-default\">Cr\u00e9ation du site internet<\/h3>\t\t\t\t<\/div>\n\t\t\t\t<div class=\"elementor-element elementor-element-44a4e8f elementor-widget__width-initial elementor-widget elementor-widget-text-editor\" data-id=\"44a4e8f\" data-element_type=\"widget\" data-e-type=\"widget\" data-widget_type=\"text-editor.default\">\n\t\t\t\t\t\t\t\t\t<div><div><div><div><div>R\u00e9alis\u00e9 par : \u00a9 Synerg-In Agency<\/div><\/div><\/div><\/div><\/div>\t\t\t\t\t\t\t\t<\/div>\n\t\t\t\t\t<\/div>\n\t\t\t\t<\/div>\n\t\t\t\t<\/div>\n\t\t","protected":false},"excerpt":{"rendered":"<p>Cr\u00e9ation du site internet<\/p>\n","protected":false},"author":1,"featured_media":0,"parent":0,"menu_order":0,"comment_status":"closed","ping_status":"closed","template":"","meta":{"footnotes":""},"class_list":["post-8195","page","type-page","status-publish","hentry"],"yoast_head":"<!-- This site is optimized with the Yoast SEO Premium plugin v27.2 (Yoast SEO v27.5) - https:\/\/yoast.com\/product\/yoast-seo-premium-wordpress\/ -->\n<title>Cr\u00e9ation du site internet - Synerg-In Agency<\/title>\n<meta name=\"robots\" content=\"index, follow, max-snippet:-1, max-image-preview:large, max-video-preview:-1\" \/>\n<link rel=\"canonical\" href=\"https:\/\/synerg-in.com\/fr\/mentions-legales\/\" \/>\n<meta property=\"og:locale\" content=\"fr_FR\" \/>\n<meta property=\"og:type\" content=\"article\" \/>\n<meta property=\"og:title\" content=\"Cr\u00e9ation du site internet\" \/>\n<meta property=\"og:description\" content=\"Cr\u00e9ation du site internet\" \/>\n<meta property=\"og:url\" content=\"https:\/\/synerg-in.com\/fr\/mentions-legales\/\" \/>\n<meta property=\"og:site_name\" content=\"Synerg-In Agency\" \/>\n<meta property=\"article:publisher\" content=\"https:\/\/www.facebook.com\/synerginagency\" \/>\n<meta property=\"article:modified_time\" content=\"2026-04-10T15:01:59+00:00\" \/>\n<meta name=\"twitter:card\" content=\"summary_large_image\" \/>\n<meta name=\"twitter:label1\" content=\"Dur\u00e9e de lecture estim\u00e9e\" \/>\n\t<meta name=\"twitter:data1\" content=\"2 minutes\" \/>\n<script type=\"application\/ld+json\" class=\"yoast-schema-graph\">{\"@context\":\"https:\\\/\\\/schema.org\",\"@graph\":[{\"@type\":\"WebPage\",\"@id\":\"https:\\\/\\\/synerg-in.com\\\/fr\\\/mentions-legales\\\/\",\"url\":\"https:\\\/\\\/synerg-in.com\\\/fr\\\/mentions-legales\\\/\",\"name\":\"Cr\u00e9ation du site internet - Synerg-In Agency\",\"isPartOf\":{\"@id\":\"https:\\\/\\\/synerg-in.com\\\/fr\\\/#website\"},\"datePublished\":\"2026-03-23T14:31:16+00:00\",\"dateModified\":\"2026-04-10T15:01:59+00:00\",\"breadcrumb\":{\"@id\":\"https:\\\/\\\/synerg-in.com\\\/fr\\\/mentions-legales\\\/#breadcrumb\"},\"inLanguage\":\"fr-FR\",\"potentialAction\":[{\"@type\":\"ReadAction\",\"target\":[\"https:\\\/\\\/synerg-in.com\\\/fr\\\/mentions-legales\\\/\"]}]},{\"@type\":\"BreadcrumbList\",\"@id\":\"https:\\\/\\\/synerg-in.com\\\/fr\\\/mentions-legales\\\/#breadcrumb\",\"itemListElement\":[{\"@type\":\"ListItem\",\"position\":1,\"name\":\"Home\",\"item\":\"https:\\\/\\\/synerg-in.com\\\/fr\\\/\"},{\"@type\":\"ListItem\",\"position\":2,\"name\":\"Cr\u00e9ation du site internet\"}]},{\"@type\":\"WebSite\",\"@id\":\"https:\\\/\\\/synerg-in.com\\\/fr\\\/#website\",\"url\":\"https:\\\/\\\/synerg-in.com\\\/fr\\\/\",\"name\":\"Synerg-In Agency\",\"description\":\"The agency that boosts your brand 360\u00b0\",\"publisher\":{\"@id\":\"https:\\\/\\\/synerg-in.com\\\/fr\\\/#organization\"},\"potentialAction\":[{\"@type\":\"SearchAction\",\"target\":{\"@type\":\"EntryPoint\",\"urlTemplate\":\"https:\\\/\\\/synerg-in.com\\\/fr\\\/?s={search_term_string}\"},\"query-input\":{\"@type\":\"PropertyValueSpecification\",\"valueRequired\":true,\"valueName\":\"search_term_string\"}}],\"inLanguage\":\"fr-FR\"},{\"@type\":\"Organization\",\"@id\":\"https:\\\/\\\/synerg-in.com\\\/fr\\\/#organization\",\"name\":\"SAS Synerg-In Digital\",\"url\":\"https:\\\/\\\/synerg-in.com\\\/fr\\\/\",\"logo\":{\"@type\":\"ImageObject\",\"inLanguage\":\"fr-FR\",\"@id\":\"https:\\\/\\\/synerg-in.com\\\/fr\\\/#\\\/schema\\\/logo\\\/image\\\/\",\"url\":\"https:\\\/\\\/synerg-in.com\\\/wp-content\\\/uploads\\\/2026\\\/03\\\/SYN_LOGO_FINAL-06.webp\",\"contentUrl\":\"https:\\\/\\\/synerg-in.com\\\/wp-content\\\/uploads\\\/2026\\\/03\\\/SYN_LOGO_FINAL-06.webp\",\"width\":2233,\"height\":2132,\"caption\":\"SAS Synerg-In Digital\"},\"image\":{\"@id\":\"https:\\\/\\\/synerg-in.com\\\/fr\\\/#\\\/schema\\\/logo\\\/image\\\/\"},\"sameAs\":[\"https:\\\/\\\/www.facebook.com\\\/synerginagency\",\"https:\\\/\\\/www.instagram.com\\\/synerg_in\",\"https:\\\/\\\/fr.linkedin.com\\\/company\\\/synerg-in\"]}]}<\/script>\n<!-- \/ Yoast SEO Premium plugin. -->","yoast_head_json":{"title":"Cr\u00e9ation du site internet - Synerg-In Agency","robots":{"index":"index","follow":"follow","max-snippet":"max-snippet:-1","max-image-preview":"max-image-preview:large","max-video-preview":"max-video-preview:-1"},"canonical":"https:\/\/synerg-in.com\/fr\/mentions-legales\/","og_locale":"fr_FR","og_type":"article","og_title":"Cr\u00e9ation du site internet","og_description":"Cr\u00e9ation du site internet","og_url":"https:\/\/synerg-in.com\/fr\/mentions-legales\/","og_site_name":"Synerg-In Agency","article_publisher":"https:\/\/www.facebook.com\/synerginagency","article_modified_time":"2026-04-10T15:01:59+00:00","twitter_card":"summary_large_image","twitter_misc":{"Dur\u00e9e de lecture estim\u00e9e":"2 minutes"},"schema":{"@context":"https:\/\/schema.org","@graph":[{"@type":"WebPage","@id":"https:\/\/synerg-in.com\/fr\/mentions-legales\/","url":"https:\/\/synerg-in.com\/fr\/mentions-legales\/","name":"Cr\u00e9ation du site internet - Synerg-In Agency","isPartOf":{"@id":"https:\/\/synerg-in.com\/fr\/#website"},"datePublished":"2026-03-23T14:31:16+00:00","dateModified":"2026-04-10T15:01:59+00:00","breadcrumb":{"@id":"https:\/\/synerg-in.com\/fr\/mentions-legales\/#breadcrumb"},"inLanguage":"fr-FR","potentialAction":[{"@type":"ReadAction","target":["https:\/\/synerg-in.com\/fr\/mentions-legales\/"]}]},{"@type":"BreadcrumbList","@id":"https:\/\/synerg-in.com\/fr\/mentions-legales\/#breadcrumb","itemListElement":[{"@type":"ListItem","position":1,"name":"Home","item":"https:\/\/synerg-in.com\/fr\/"},{"@type":"ListItem","position":2,"name":"Cr\u00e9ation du site internet"}]},{"@type":"WebSite","@id":"https:\/\/synerg-in.com\/fr\/#website","url":"https:\/\/synerg-in.com\/fr\/","name":"Synerg-In Agency","description":"The agency that boosts your brand 360\u00b0","publisher":{"@id":"https:\/\/synerg-in.com\/fr\/#organization"},"potentialAction":[{"@type":"SearchAction","target":{"@type":"EntryPoint","urlTemplate":"https:\/\/synerg-in.com\/fr\/?s={search_term_string}"},"query-input":{"@type":"PropertyValueSpecification","valueRequired":true,"valueName":"search_term_string"}}],"inLanguage":"fr-FR"},{"@type":"Organization","@id":"https:\/\/synerg-in.com\/fr\/#organization","name":"SAS Synerg-In Digital","url":"https:\/\/synerg-in.com\/fr\/","logo":{"@type":"ImageObject","inLanguage":"fr-FR","@id":"https:\/\/synerg-in.com\/fr\/#\/schema\/logo\/image\/","url":"https:\/\/synerg-in.com\/wp-content\/uploads\/2026\/03\/SYN_LOGO_FINAL-06.webp","contentUrl":"https:\/\/synerg-in.com\/wp-content\/uploads\/2026\/03\/SYN_LOGO_FINAL-06.webp","width":2233,"height":2132,"caption":"SAS Synerg-In Digital"},"image":{"@id":"https:\/\/synerg-in.com\/fr\/#\/schema\/logo\/image\/"},"sameAs":["https:\/\/www.facebook.com\/synerginagency","https:\/\/www.instagram.com\/synerg_in","https:\/\/fr.linkedin.com\/company\/synerg-in"]}]}},"_links":{"self":[{"href":"https:\/\/synerg-in.com\/fr\/wp-json\/wp\/v2\/pages\/8195","targetHints":{"allow":["GET"]}}],"collection":[{"href":"https:\/\/synerg-in.com\/fr\/wp-json\/wp\/v2\/pages"}],"about":[{"href":"https:\/\/synerg-in.com\/fr\/wp-json\/wp\/v2\/types\/page"}],"author":[{"embeddable":true,"href":"https:\/\/synerg-in.com\/fr\/wp-json\/wp\/v2\/users\/1"}],"replies":[{"embeddable":true,"href":"https:\/\/synerg-in.com\/fr\/wp-json\/wp\/v2\/comments?post=8195"}],"version-history":[{"count":6,"href":"https:\/\/synerg-in.com\/fr\/wp-json\/wp\/v2\/pages\/8195\/revisions"}],"predecessor-version":[{"id":10619,"href":"https:\/\/synerg-in.com\/fr\/wp-json\/wp\/v2\/pages\/8195\/revisions\/10619"}],"wp:attachment":[{"href":"https:\/\/synerg-in.com\/fr\/wp-json\/wp\/v2\/media?parent=8195"}],"curies":[{"name":"wp","href":"https:\/\/api.w.org\/{rel}","templated":true}]}}